{"id":12,"date":"2024-09-18T11:28:04","date_gmt":"2024-09-18T11:28:04","guid":{"rendered":"https:\/\/sacramentopalletliquidators.com\/?page_id=12"},"modified":"2026-02-10T01:22:19","modified_gmt":"2026-02-10T01:22:19","slug":"refund_returns","status":"publish","type":"page","link":"https:\/\/sacramentopalletliquidators.com\/es\/refund_returns\/","title":{"rendered":"Pol\u00edtica de reembolsos y devoluciones"},"content":{"rendered":"<div data-elementor-type=\"wp-page\" data-elementor-id=\"12\" class=\"elementor elementor-12\">\n\t\t\t\t<div class=\"elementor-element elementor-element-d580a00 e-flex e-con-boxed e-con e-parent\" data-id=\"d580a00\" data-element_type=\"container\" data-e-type=\"container\">\n\t\t\t\t\t<div class=\"e-con-inner\">\n\t\t\t\t<div class=\"elementor-element elementor-element-15c98cfa elementor-widget elementor-widget-text-editor\" data-id=\"15c98cfa\" data-element_type=\"widget\" data-e-type=\"widget\" data-widget_type=\"text-editor.default\">\n\t\t\t\t<div class=\"elementor-widget-container\">\n\t\t\t\t\t\t\t\t\t\n<h2 class=\"wp-block-heading\">Descripci\u00f3n general<\/h2>\n\n<p>Nuestra pol\u00edtica de reembolsos y devoluciones tiene una duraci\u00f3n de 30 d\u00edas. Si han transcurrido 30 d\u00edas desde su compra, no podemos ofrecerle un reembolso completo ni un cambio.<\/p>\n\n<p>Para poder devolver el art\u00edculo, este debe estar sin usar y en las mismas condiciones en que lo recibi\u00f3. Tambi\u00e9n debe estar en su embalaje original.<\/p>\n\n<p>Varios tipos de productos est\u00e1n exentos de devoluci\u00f3n. Los productos perecederos, como alimentos, flores, peri\u00f3dicos o revistas, no se pueden devolver. Tampoco aceptamos productos de higiene \u00edntima, materiales peligrosos ni l\u00edquidos o gases inflamables.<\/p>\n\n<p>Art\u00edculos adicionales no retornables:<\/p>\n\n<ul class=\"wp-block-list\">\n<li>Tarjetas de regalo<\/li>\n\n<li>Productos de software descargables<\/li>\n\n<li>Algunos art\u00edculos de salud y cuidado personal<\/li>\n<\/ul>\n\n<p>Para completar su devoluci\u00f3n, necesitamos un recibo o comprobante de compra.<\/p>\n\n<p>Por favor, no env\u00ede su compra de vuelta al fabricante.<\/p>\n\n<p>Existen determinadas situaciones en las que s\u00f3lo se conceden reembolsos parciales:<\/p>\n\n<ul class=\"wp-block-list\">\n<li>Libro con evidentes signos de uso<\/li>\n\n<li>CD, DVD, cinta VHS, software, videojuego, cinta de casete o disco de vinilo que haya sido abierto.<\/li>\n\n<li>Cualquier art\u00edculo que no se encuentre en su condici\u00f3n original, que est\u00e9 da\u00f1ado o le falten piezas por razones que no se deben a nuestro error.<\/li>\n\n<li>Cualquier art\u00edculo que se devuelva m\u00e1s de 30 d\u00edas despu\u00e9s de la entrega.<\/li>\n<\/ul>\n\n<p>Una vez recibida e inspeccionada su devoluci\u00f3n, le enviaremos un correo electr\u00f3nico para notificarle que hemos recibido el art\u00edculo devuelto. Tambi\u00e9n le notificaremos si su reembolso ha sido aprobado o rechazado.<\/p>\n\n<p>Si es aprobado, se procesar\u00e1 su reembolso y se aplicar\u00e1 autom\u00e1ticamente un cr\u00e9dito a su tarjeta de cr\u00e9dito o m\u00e9todo de pago original, dentro de una cierta cantidad de d\u00edas.<\/p>\n\n<h2 class=\"wp-block-heading\">Reembolsos tard\u00edos o faltantes<\/h2>\n\n<p>Si a\u00fan no ha recibido un reembolso, primero revise nuevamente su cuenta bancaria.<\/p>\n\n<p>Luego, comun\u00edquese con la compa\u00f1\u00eda de su tarjeta de cr\u00e9dito; puede tomar alg\u00fan tiempo antes de que su reembolso se publique oficialmente.<\/p>\n\n<p>A continuaci\u00f3n, contacte a su banco. Suele haber un tiempo de procesamiento antes de que se publique el reembolso.<\/p>\n\n<p>Si ha hecho todo esto y a\u00fan no ha recibido su reembolso, cont\u00e1ctenos a contact@sacramentopalletliquidators.com.<\/p>\n\n<h2 class=\"wp-block-heading\">Art\u00edculos en oferta<\/h2>\n\n<p>Solo se reembolsan los art\u00edculos a precio regular. Los art\u00edculos en oferta no.<\/p>\n\n<h2>Intercambios<\/h2>\n\n<p>We only replace items if they are defective or damaged. If you need to exchange it for the same item, send us an email at contact@sacramentopalletliquidators.com and send your item to: 848 F ST, WEST\u00a0SACRAMENTO, CA 95605 USA.<\/p>\n\n<h2>Regalos<\/h2>\n\n<p>Si el art\u00edculo se marc\u00f3 como regalo al comprarlo y se le envi\u00f3 directamente, recibir\u00e1 un cr\u00e9dito de regalo por el valor de su devoluci\u00f3n. Una vez recibido el art\u00edculo devuelto, se le enviar\u00e1 un certificado de regalo por correo.<\/p>\n\n<p>Si el art\u00edculo no fue marcado como regalo cuando se compr\u00f3, o si quien realiz\u00f3 el regalo envi\u00f3 el pedido a su propia casa para entreg\u00e1rselo m\u00e1s tarde, le enviaremos un reembolso al quien realiz\u00f3 el regalo y \u00e9l se enterar\u00e1 de su devoluci\u00f3n.<\/p>\n\n<h2>Devoluciones de env\u00edo<\/h2>\n\n<p>To return your product, you should mail your product to: {848 F ST, WEST\u00a0SACRAMENTO, CA 95605}.<\/p>\n\n<p>Usted ser\u00e1 responsable de pagar los gastos de env\u00edo para la devoluci\u00f3n de su art\u00edculo. Los gastos de env\u00edo no son reembolsables. Si recibe un reembolso, el coste del env\u00edo de la devoluci\u00f3n se deducir\u00e1 de su reembolso.<\/p>\n\n<p>Dependiendo de d\u00f3nde usted viva, el tiempo que pueda tardar en llegarle el producto cambiado puede variar.<\/p>\n\n<p>Si devuelve art\u00edculos m\u00e1s caros, puede considerar usar un servicio de env\u00edo con seguimiento o contratar un seguro de env\u00edo. No garantizamos la recepci\u00f3n del art\u00edculo devuelto.<\/p>\n\n<h2>\u00bfNecesitar ayuda?<\/h2>\n\n<p>Cont\u00e1ctenos a {contact@sacramentopalletliquidators.com} para preguntas relacionadas con reembolsos y devoluciones.<\/p>\n\n<p>\u00a0<\/p>\n\t\t\t\t\t\t\t\t<\/div>\n\t\t\t\t<\/div>\n\t\t\t\t\t<\/div>\n\t\t\t\t<\/div>\n\t\t\t\t<\/div>","protected":false},"excerpt":{"rendered":"<p>Overview Our refund and returns policy lasts 30 days. If 30 days have passed since your purchase, we can\u2019t offer you a full refund or exchange. To be eligible for a return, your item must be unused and in the same condition that you received it. It must also be in the original packaging. Several&hellip;<\/p>","protected":false},"author":1,"featured_media":0,"parent":0,"menu_order":0,"comment_status":"closed","ping_status":"closed","template":"","meta":{"footnotes":""},"class_list":["post-12","page","type-page","status-publish","hentry"],"jetpack_sharing_enabled":true,"_links":{"self":[{"href":"https:\/\/sacramentopalletliquidators.com\/es\/wp-json\/wp\/v2\/pages\/12","targetHints":{"allow":["GET"]}}],"collection":[{"href":"https:\/\/sacramentopalletliquidators.com\/es\/wp-json\/wp\/v2\/pages"}],"about":[{"href":"https:\/\/sacramentopalletliquidators.com\/es\/wp-json\/wp\/v2\/types\/page"}],"author":[{"embeddable":true,"href":"https:\/\/sacramentopalletliquidators.com\/es\/wp-json\/wp\/v2\/users\/1"}],"replies":[{"embeddable":true,"href":"https:\/\/sacramentopalletliquidators.com\/es\/wp-json\/wp\/v2\/comments?post=12"}],"version-history":[{"count":5,"href":"https:\/\/sacramentopalletliquidators.com\/es\/wp-json\/wp\/v2\/pages\/12\/revisions"}],"predecessor-version":[{"id":5792,"href":"https:\/\/sacramentopalletliquidators.com\/es\/wp-json\/wp\/v2\/pages\/12\/revisions\/5792"}],"wp:attachment":[{"href":"https:\/\/sacramentopalletliquidators.com\/es\/wp-json\/wp\/v2\/media?parent=12"}],"curies":[{"name":"wp","href":"https:\/\/api.w.org\/{rel}","templated":true}]}}