{"id":5042,"date":"2024-09-19T13:58:54","date_gmt":"2024-09-19T13:58:54","guid":{"rendered":"https:\/\/sacramentopalletliquidators.com\/?post_type=product&#038;p=5042"},"modified":"2024-09-19T13:58:54","modified_gmt":"2024-09-19T13:58:54","slug":"mix-electronic-pallets","status":"publish","type":"product","link":"https:\/\/sacramentopalletliquidators.com\/es\/product\/mix-electronic-pallets\/","title":{"rendered":"Paletas electr\u00f3nicas mixtas"},"content":{"rendered":"<div class=\"description woocommerce-product-details__short-description\">\n<h2>Paletas electr\u00f3nicas mixtas<\/h2>\n<p>Tipo de pal\u00e9: Exceso de stock, Palets de electr\u00f3nica, Electr\u00f3nica<\/p>\n<p>Mercanc\u00edas<\/p>\n<p>Precio de venta sugerido por el fabricante: $2.800 a $4.000<\/p>\n<p>Tipo de productos: Mediano\/Grande<\/p>\n<p>Valor promedio del producto: $100-500 cada uno<\/p>\n<p>Total estimado de art\u00edculos por: 50-60<\/p>\n<p>Dimensiones promedio del pal\u00e9: 48x40x68 \/\/ 500 libras<\/p>\n<p>FOB: 2230 SW 70th Ave suite 3 Davie, Florida<\/p>\n<p>Flete: El cliente puede configurar su propio<\/p>\n<p>flete si as\u00ed lo desean. El cliente deber\u00e1 utilizar<\/p>\n<p>the \u201cPick Up\u201d option for\u00a0<a href=\"https:\/\/www.bing.com\/?toWww=1&amp;redig=4F9B0FB683BF4B6CA4D89AD5869E0D99\" target=\"_blank\" rel=\"noopener\">shipping<\/a>\u00a0and email us the BOL.<\/p>\n<\/div>\n<div class=\"product_meta\"><\/div>","protected":false},"excerpt":{"rendered":"<div class=\"description woocommerce-product-details__short-description\">\n<h2>Paletas electr\u00f3nicas mixtas<\/h2>\n<p>Tipo de pal\u00e9: Exceso de stock, Palets de electr\u00f3nica, Electr\u00f3nica<\/p>\n<p>Mercanc\u00edas<\/p>\n<p>Precio de venta sugerido por el fabricante: $2.800 a $4.000<\/p>\n<p>Tipo de productos: Mediano\/Grande<\/p>\n<p>Valor promedio del producto: $100-500 cada uno<\/p>\n<p>Total estimado de art\u00edculos por: 50-60<\/p>\n<p>Dimensiones promedio del pal\u00e9: 48x40x68 \/\/ 500 libras<\/p>\n<p>FOB: 2230 SW 70th Ave suite 3 Davie, Florida<\/p>\n<p>Flete: El cliente puede configurar su propio<\/p>\n<p>flete si as\u00ed lo desean. El cliente deber\u00e1 utilizar<\/p>\n<p>la opci\u00f3n \u201cRecoger\u201d para el env\u00edo y env\u00edenos por correo electr\u00f3nico el BOL.<\/p>\n<\/div>\n<div class=\"product_meta\"><\/div>","protected":false},"featured_media":5046,"comment_status":"open","ping_status":"closed","template":"","meta":[],"product_cat":[203],"product_tag":[],"class_list":{"0":"post-5042","1":"product","2":"type-product","3":"status-publish","4":"has-post-thumbnail","6":"product_cat-mixed-pallets","7":"tm-no-options","9":"first","10":"instock","11":"sale","12":"shipping-taxable","13":"purchasable","14":"product-type-simple","15":"add-to-wishlist-after_add_to_cart","16":"col-xs-6 col-sm-4","17":"col-mf-5","18":"un-5-cols"},"jetpack_sharing_enabled":true,"_links":{"self":[{"href":"https:\/\/sacramentopalletliquidators.com\/es\/wp-json\/wp\/v2\/product\/5042","targetHints":{"allow":["GET"]}}],"collection":[{"href":"https:\/\/sacramentopalletliquidators.com\/es\/wp-json\/wp\/v2\/product"}],"about":[{"href":"https:\/\/sacramentopalletliquidators.com\/es\/wp-json\/wp\/v2\/types\/product"}],"replies":[{"embeddable":true,"href":"https:\/\/sacramentopalletliquidators.com\/es\/wp-json\/wp\/v2\/comments?post=5042"}],"wp:featuredmedia":[{"embeddable":true,"href":"https:\/\/sacramentopalletliquidators.com\/es\/wp-json\/wp\/v2\/media\/5046"}],"wp:attachment":[{"href":"https:\/\/sacramentopalletliquidators.com\/es\/wp-json\/wp\/v2\/media?parent=5042"}],"wp:term":[{"taxonomy":"product_cat","embeddable":true,"href":"https:\/\/sacramentopalletliquidators.com\/es\/wp-json\/wp\/v2\/product_cat?post=5042"},{"taxonomy":"product_tag","embeddable":true,"href":"https:\/\/sacramentopalletliquidators.com\/es\/wp-json\/wp\/v2\/product_tag?post=5042"}],"curies":[{"name":"wp","href":"https:\/\/api.w.org\/{rel}","templated":true}]}}