{"id":5109,"date":"2024-09-19T14:34:33","date_gmt":"2024-09-19T14:34:33","guid":{"rendered":"https:\/\/sacramentopalletliquidators.com\/?post_type=product&#038;p=5109"},"modified":"2026-03-29T10:18:59","modified_gmt":"2026-03-29T10:18:59","slug":"woman-bags-purse-pallets","status":"publish","type":"product","link":"https:\/\/sacramentopalletliquidators.com\/es\/product\/woman-bags-purse-pallets\/","title":{"rendered":"Paletas de bolsos y carteras de mujer"},"content":{"rendered":"<h1>Handbags for sale| where to buy woman bags<\/h1>\n<div class=\"whitespace-pre-wrap mb-4 last:mb-0\">Wholesale Designer Handbag Pallets:\u00a0 New CHANEL, Coach, Louis Vuitton &amp; More<\/div>\n<div class=\"whitespace-pre-wrap mb-4 last:mb-0\">Retailers, boost your accessory inventory with our wholesale designer handbag pallets. Featuring 60 brand new items from iconic\u00a0brands\u00a0like CHANEL, Coach, Louis Vuitton, and Gucci, these pallets offer a diverse selection of stylish purses for every customer.<\/div>\n<div class=\"whitespace-pre-wrap mb-4 last:mb-0\">For businesses searching for purse liquidation or louis vuitton liquidation pallets, these wholesale designer handbags pallets are ideal. Providing designer handbag liquidation options and free shipping on many\u00a0items, your store will become a go-to destination for high-quality, chic accessories that cater to the latest fashion trends.<\/div>\n<p>Find great deals on chic handbags from\u00a0CHANEL, Coach, Louis Vuitton &amp; more. Shop our huge selection of handbags. Free shipping on many items.<\/p>\n<h3>woman bags<\/h3>","protected":false},"excerpt":{"rendered":"<div class=\"description woocommerce-product-details__short-description\">\n<h2 class=\"whitespace-pre-wrap mb-4 last:mb-0\"><span style=\"color: #666666; font-size: 14px;\">Minoristas, aumenten el inventario de accesorios de su tienda con nuestro lote al por mayor de 60 bolsos nuevos de dise\u00f1adores de lujo como CHANEL, Coach, Louis Vuitton y Gucci. Ideales para quienes buscan bolsos elegantes y de alta calidad, estas paletas de bolsos de dise\u00f1ador al por mayor ofrecen una amplia selecci\u00f3n de estilos para todos los gustos. Con nuestra enorme selecci\u00f3n de bolsos, su tienda se convertir\u00e1 en un destino predilecto para quienes buscan las \u00faltimas tendencias en moda de dise\u00f1ador. 60 bolsos de mujer por paleta.<\/span><\/h2>\n<\/div>\n<div class=\"product_meta\"><span class=\"product-stock in-stock\">Disponibilidad:<span class=\"stock\">\u00a0en stock<\/span><\/span><\/div>","protected":false},"featured_media":5113,"comment_status":"open","ping_status":"closed","template":"","meta":[],"product_cat":[65,203],"product_tag":[],"class_list":{"0":"post-5109","1":"product","2":"type-product","3":"status-publish","4":"has-post-thumbnail","6":"product_cat-clothing-apparel","7":"product_cat-mixed-pallets","8":"tm-no-options","10":"first","11":"instock","12":"shipping-taxable","13":"purchasable","14":"product-type-simple","15":"add-to-wishlist-after_add_to_cart","16":"col-xs-6 col-sm-4","17":"col-mf-5","18":"un-5-cols"},"jetpack_sharing_enabled":true,"_links":{"self":[{"href":"https:\/\/sacramentopalletliquidators.com\/es\/wp-json\/wp\/v2\/product\/5109","targetHints":{"allow":["GET"]}}],"collection":[{"href":"https:\/\/sacramentopalletliquidators.com\/es\/wp-json\/wp\/v2\/product"}],"about":[{"href":"https:\/\/sacramentopalletliquidators.com\/es\/wp-json\/wp\/v2\/types\/product"}],"replies":[{"embeddable":true,"href":"https:\/\/sacramentopalletliquidators.com\/es\/wp-json\/wp\/v2\/comments?post=5109"}],"wp:featuredmedia":[{"embeddable":true,"href":"https:\/\/sacramentopalletliquidators.com\/es\/wp-json\/wp\/v2\/media\/5113"}],"wp:attachment":[{"href":"https:\/\/sacramentopalletliquidators.com\/es\/wp-json\/wp\/v2\/media?parent=5109"}],"wp:term":[{"taxonomy":"product_cat","embeddable":true,"href":"https:\/\/sacramentopalletliquidators.com\/es\/wp-json\/wp\/v2\/product_cat?post=5109"},{"taxonomy":"product_tag","embeddable":true,"href":"https:\/\/sacramentopalletliquidators.com\/es\/wp-json\/wp\/v2\/product_tag?post=5109"}],"curies":[{"name":"wp","href":"https:\/\/api.w.org\/{rel}","templated":true}]}}