{"id":5157,"date":"2024-09-21T11:26:27","date_gmt":"2024-09-21T11:26:27","guid":{"rendered":"https:\/\/sacramentopalletliquidators.com\/?post_type=product&#038;p=5157"},"modified":"2024-09-26T13:53:28","modified_gmt":"2024-09-26T13:53:28","slug":"guitar-pallet","status":"publish","type":"product","link":"https:\/\/sacramentopalletliquidators.com\/es\/product\/guitar-pallet\/","title":{"rendered":"Paleta de guitarra"},"content":{"rendered":"<p><strong>Guitar Pallet for Sale<\/strong><\/p>\n<p>Unlock incredible value with our guitar pallet! Perfect for retailers, luthiers, or enthusiasts, this pallet includes a variety of guitars\u2014acoustics, electrics, and basses\u2014at a fraction of the retail price. Each pallet is carefully curated and may include both new and gently used instruments.<\/p>\n<p><strong>Reflejos:<\/strong><\/p>\n<ul>\n<li>Diverse selection of brands and styles<\/li>\n<li>Ideal for resale or personal collection<\/li>\n<li>Great for musicians looking to expand their gear<\/li>\n<\/ul>","protected":false},"excerpt":{"rendered":"<p>Paletas de guitarra por cami\u00f3n y pal\u00e9s<br \/>\nEstado: Disponible<br \/>\nCondici\u00f3n: Liquidaci\u00f3n, Liquidaciones, Devoluciones, Retiros de estanter\u00eda<br \/>\n\u00c1rea de env\u00edo: Todo el mundo<\/p>","protected":false},"featured_media":5162,"comment_status":"open","ping_status":"closed","template":"","meta":[],"product_cat":[15,203],"product_tag":[],"class_list":{"0":"post-5157","1":"product","2":"type-product","3":"status-publish","4":"has-post-thumbnail","6":"product_cat-electronics","7":"product_cat-mixed-pallets","8":"tm-no-options","10":"first","11":"instock","12":"shipping-taxable","13":"purchasable","14":"product-type-variable","15":"add-to-wishlist-after_add_to_cart","16":"col-xs-6 col-sm-4","17":"col-mf-5","18":"un-5-cols"},"jetpack_sharing_enabled":true,"_links":{"self":[{"href":"https:\/\/sacramentopalletliquidators.com\/es\/wp-json\/wp\/v2\/product\/5157","targetHints":{"allow":["GET"]}}],"collection":[{"href":"https:\/\/sacramentopalletliquidators.com\/es\/wp-json\/wp\/v2\/product"}],"about":[{"href":"https:\/\/sacramentopalletliquidators.com\/es\/wp-json\/wp\/v2\/types\/product"}],"replies":[{"embeddable":true,"href":"https:\/\/sacramentopalletliquidators.com\/es\/wp-json\/wp\/v2\/comments?post=5157"}],"wp:featuredmedia":[{"embeddable":true,"href":"https:\/\/sacramentopalletliquidators.com\/es\/wp-json\/wp\/v2\/media\/5162"}],"wp:attachment":[{"href":"https:\/\/sacramentopalletliquidators.com\/es\/wp-json\/wp\/v2\/media?parent=5157"}],"wp:term":[{"taxonomy":"product_cat","embeddable":true,"href":"https:\/\/sacramentopalletliquidators.com\/es\/wp-json\/wp\/v2\/product_cat?post=5157"},{"taxonomy":"product_tag","embeddable":true,"href":"https:\/\/sacramentopalletliquidators.com\/es\/wp-json\/wp\/v2\/product_tag?post=5157"}],"curies":[{"name":"wp","href":"https:\/\/api.w.org\/{rel}","templated":true}]}}