{"id":5170,"date":"2024-09-21T11:33:33","date_gmt":"2024-09-21T11:33:33","guid":{"rendered":"https:\/\/sacramentopalletliquidators.com\/?post_type=product&#038;p=5170"},"modified":"2024-09-21T18:14:17","modified_gmt":"2024-09-21T18:14:17","slug":"rugs-and-carpet-by-the-truckload-pallets","status":"publish","type":"product","link":"https:\/\/sacramentopalletliquidators.com\/es\/product\/rugs-and-carpet-by-the-truckload-pallets\/","title":{"rendered":"Alfombras y tapetes por camiones y pal\u00e9s"},"content":{"rendered":"<p>Rugs and Carpet by the Truckload &amp; Pallets<br \/>\nEstado: Disponible<br \/>\nCondici\u00f3n: Liquidaci\u00f3n, Liquidaciones, Devoluciones, Retiros de estanter\u00eda<br \/>\nSe requiere acuerdo de distribuci\u00f3n: S\u00ed<br \/>\n\u00c1rea de env\u00edo: Todo el mundo<\/p>","protected":false},"excerpt":{"rendered":"<p>Estado: Disponible<br \/>\nCondici\u00f3n: Liquidaci\u00f3n, Liquidaciones, Devoluciones, Retiros de estanter\u00eda<br \/>\nSe requiere acuerdo de distribuci\u00f3n: S\u00ed<br \/>\n\u00c1rea de env\u00edo: Todo el mundo<\/p>","protected":false},"featured_media":5166,"comment_status":"open","ping_status":"closed","template":"","meta":[],"product_cat":[205,203],"product_tag":[],"class_list":{"0":"post-5170","1":"product","2":"type-product","3":"status-publish","4":"has-post-thumbnail","6":"product_cat-home-kitchen","7":"product_cat-mixed-pallets","8":"tm-no-options","10":"first","11":"instock","12":"shipping-taxable","13":"purchasable","14":"product-type-simple","15":"add-to-wishlist-after_add_to_cart","16":"col-xs-6 col-sm-4","17":"col-mf-5","18":"un-5-cols"},"jetpack_sharing_enabled":true,"_links":{"self":[{"href":"https:\/\/sacramentopalletliquidators.com\/es\/wp-json\/wp\/v2\/product\/5170","targetHints":{"allow":["GET"]}}],"collection":[{"href":"https:\/\/sacramentopalletliquidators.com\/es\/wp-json\/wp\/v2\/product"}],"about":[{"href":"https:\/\/sacramentopalletliquidators.com\/es\/wp-json\/wp\/v2\/types\/product"}],"replies":[{"embeddable":true,"href":"https:\/\/sacramentopalletliquidators.com\/es\/wp-json\/wp\/v2\/comments?post=5170"}],"wp:featuredmedia":[{"embeddable":true,"href":"https:\/\/sacramentopalletliquidators.com\/es\/wp-json\/wp\/v2\/media\/5166"}],"wp:attachment":[{"href":"https:\/\/sacramentopalletliquidators.com\/es\/wp-json\/wp\/v2\/media?parent=5170"}],"wp:term":[{"taxonomy":"product_cat","embeddable":true,"href":"https:\/\/sacramentopalletliquidators.com\/es\/wp-json\/wp\/v2\/product_cat?post=5170"},{"taxonomy":"product_tag","embeddable":true,"href":"https:\/\/sacramentopalletliquidators.com\/es\/wp-json\/wp\/v2\/product_tag?post=5170"}],"curies":[{"name":"wp","href":"https:\/\/api.w.org\/{rel}","templated":true}]}}